{"id":16868,"date":"2022-11-28T20:50:00","date_gmt":"2022-11-28T18:50:00","guid":{"rendered":"http:\/\/www.evildressmaker.com\/?page_id=16868"},"modified":"2024-11-21T09:38:58","modified_gmt":"2024-11-21T07:38:58","slug":"kuistiputiikki","status":"publish","type":"page","link":"http:\/\/www.evildressmaker.com\/?page_id=16868","title":{"rendered":"Kuistiputiikki"},"content":{"rendered":"\n<figure class=\"wp-block-image size-large\"><img data-recalc-dims=\"1\" loading=\"lazy\" decoding=\"async\" width=\"1000\" height=\"378\" src=\"https:\/\/i0.wp.com\/www.evildressmaker.com\/wp-content\/uploads\/2022\/11\/HAVUMAKI.jpg?resize=1000%2C378\" alt=\"\" class=\"wp-image-16872\" srcset=\"https:\/\/i0.wp.com\/www.evildressmaker.com\/wp-content\/uploads\/2022\/11\/HAVUMAKI.jpg?resize=1024%2C387 1024w, https:\/\/i0.wp.com\/www.evildressmaker.com\/wp-content\/uploads\/2022\/11\/HAVUMAKI.jpg?resize=300%2C113 300w, https:\/\/i0.wp.com\/www.evildressmaker.com\/wp-content\/uploads\/2022\/11\/HAVUMAKI.jpg?resize=200%2C76 200w, https:\/\/i0.wp.com\/www.evildressmaker.com\/wp-content\/uploads\/2022\/11\/HAVUMAKI.jpg?resize=768%2C290 768w, https:\/\/i0.wp.com\/www.evildressmaker.com\/wp-content\/uploads\/2022\/11\/HAVUMAKI.jpg?resize=1536%2C581 1536w, https:\/\/i0.wp.com\/www.evildressmaker.com\/wp-content\/uploads\/2022\/11\/HAVUMAKI.jpg?w=1746 1746w\" sizes=\"auto, (max-width: 1000px) 100vw, 1000px\" \/><\/figure>\n\n\n\n<p>Havum\u00e4en kuistiputiikki on toistaiseksi virtuaalinen kauppa, joka myy valmistamiani tuotteita. Tuotteita voi tilata l\u00e4hett\u00e4m\u00e4ll\u00e4 s\u00e4hk\u00f6postia osoitteeseen <strong> rhia(miukumauku)evildressmaker.com<\/strong><br>Tulevaisuudessa, remontin edetess\u00e4 kuistiputiikki l\u00f6ytyy my\u00f6s Havum\u00e4en, eli kotimme kuistilta, Sastamalasta sek\u00e4 satunnaisista erikseen ilmoitettavista tapahtumista. T\u00e4ll\u00e4 hetkell\u00e4 valikoimissa olevat tuotteet l\u00f6yd\u00e4t t\u00e4st\u00e4 alta. <\/p>\n\n\n\n<p>Huomaa, ett\u00e4 jotkin tuotteet ovat uniikkeja yksitt\u00e4iskappaleita ja jotkin myyd\u00e4\u00e4n settein\u00e4. Tilauksen vastaanotettuani l\u00e4het\u00e4n sinulle maksutiedot s\u00e4hk\u00f6postitse. Jos tilaat useita tuotteita, toimitusmaksut lasketaan sen mukaan millaiseen pakettiin koko tilaus mahtuu. Pakkausmateriaalina k\u00e4yt\u00e4n mahdollisuuksien mukaan kierr\u00e4tysmateriaaleja. Postitan tuotteet kun maksu on saapunut. Saat kuitin ostoksesta s\u00e4hk\u00f6postitse. Hinnat sis\u00e4lt\u00e4v\u00e4t 25,5% alv:n.<\/p>\n\n\n\n<p>Verkkokauppamyynniss\u00e4 on kuluttajansuojaehtojen mukainen 14 vuorokauden peruutusoikeus, asiakas kuitenkin vastaa palautuksen postikuluista itse. <\/p>\n\n\n\n<p><strong>Kuusenkoriste-setti Lumihiutale, 17\u20ac<\/strong><br>+ toimituskulut 5,90\u20ac<\/p>\n\n\n\n<p>Havum\u00e4en omasta koivusta, k\u00e4sin polttokuvioimalla valmistettuja rustiikkisia kuusenkoristeita. Jokainen koriste on sahattu ja polttokuvioitu yksitellen k\u00e4sity\u00f6n\u00e4, joten niiss\u00e4 on materiaalille ja kuviointitekniikalle ominaista vaihtelua eiv\u00e4tk\u00e4 kuviot tai puukiekot ole identtisi\u00e4 kesken\u00e4\u00e4n. Koristeiden halkaisija vaihtelee, noin v\u00e4lill\u00e4 5-6 cm. Settiin kuuluu 3 koristetta. Ripustusnaru v\u00e4rj\u00e4tty\u00e4 juuttia. <\/p>\n\n\n\n<div class=\"wp-block-group is-nowrap is-layout-flex wp-container-core-group-is-layout-ad2f72ca wp-block-group-is-layout-flex\">\n<div class=\"wp-block-jetpack-tiled-gallery aligncenter is-style-rectangular\"><div class=\"\"><div class=\"tiled-gallery__gallery\"><div class=\"tiled-gallery__row\"><div class=\"tiled-gallery__col\" style=\"flex-basis:100.00000%\"><figure class=\"tiled-gallery__item\"><img decoding=\"async\" srcset=\"https:\/\/i2.wp.com\/www.evildressmaker.com\/wp-content\/uploads\/2022\/11\/snowflakes1.jpg?strip=info&#038;w=600 600w,https:\/\/i2.wp.com\/www.evildressmaker.com\/wp-content\/uploads\/2022\/11\/snowflakes1.jpg?strip=info&#038;w=800 800w\" alt=\"\" data-height=\"841\" data-id=\"16862\" data-link=\"http:\/\/www.evildressmaker.com\/?attachment_id=16862\" data-url=\"http:\/\/www.evildressmaker.com\/wp-content\/uploads\/2022\/11\/snowflakes1.jpg\" data-width=\"800\" src=\"https:\/\/i2.wp.com\/www.evildressmaker.com\/wp-content\/uploads\/2022\/11\/snowflakes1.jpg\" data-amp-layout=\"responsive\" tabindex=\"0\" role=\"button\" aria-label=\"Open image 1 of 1 in full-screen\"\/><\/figure><\/div><\/div><\/div><\/div><\/div>\n\n\n\n<div class=\"wp-block-jetpack-tiled-gallery aligncenter is-style-rectangular\"><div class=\"\"><div class=\"tiled-gallery__gallery\"><div class=\"tiled-gallery__row\"><div class=\"tiled-gallery__col\" style=\"flex-basis:100.00000%\"><figure class=\"tiled-gallery__item\"><img decoding=\"async\" srcset=\"https:\/\/i1.wp.com\/www.evildressmaker.com\/wp-content\/uploads\/2022\/11\/snowflakes3-768x1024.jpg?strip=info&#038;w=600 600w,https:\/\/i1.wp.com\/www.evildressmaker.com\/wp-content\/uploads\/2022\/11\/snowflakes3-768x1024.jpg?strip=info&#038;w=800 800w\" alt=\"\" data-height=\"1067\" data-id=\"16864\" data-link=\"http:\/\/www.evildressmaker.com\/?attachment_id=16864\" data-url=\"http:\/\/www.evildressmaker.com\/wp-content\/uploads\/2022\/11\/snowflakes3-768x1024.jpg\" data-width=\"800\" src=\"https:\/\/i1.wp.com\/www.evildressmaker.com\/wp-content\/uploads\/2022\/11\/snowflakes3-768x1024.jpg\" data-amp-layout=\"responsive\" tabindex=\"0\" role=\"button\" aria-label=\"Open image 1 of 1 in full-screen\"\/><\/figure><\/div><\/div><\/div><\/div><\/div>\n<\/div>\n\n\n\n<p><strong>Sisal-keitti\u00f6kuurain, 6\u20ac<\/strong><br>+ toimituskulut 5 \u20ac (kirjeeseen mahtuu useampi)<\/p>\n\n\n\n<p>Sisal-narusta k\u00e4sin virkattu kuurain pannujen, patojen ja muun pinttyneen lian puhdistukseen. Kest\u00e4v\u00e4, ekologinen ja muoviton vaihtoehto joka ei naarmuta pintoja.  Materiaalin ominaisuuksista ja k\u00e4sity\u00f6st\u00e4 johtuen kuuraimissa voi olla eroja, joten kaikki eiv\u00e4t ole kesken\u00e4\u00e4n identtisi\u00e4.<\/p>\n\n\n\n<div class=\"wp-block-jetpack-tiled-gallery aligncenter is-style-rectangular\"><div class=\"\"><div class=\"tiled-gallery__gallery\"><div class=\"tiled-gallery__row\"><div class=\"tiled-gallery__col\" style=\"flex-basis:49.79803%\"><figure class=\"tiled-gallery__item\"><img decoding=\"async\" srcset=\"https:\/\/i1.wp.com\/www.evildressmaker.com\/wp-content\/uploads\/2022\/11\/kuurain1.jpg?strip=info&#038;w=600 600w,https:\/\/i1.wp.com\/www.evildressmaker.com\/wp-content\/uploads\/2022\/11\/kuurain1.jpg?strip=info&#038;w=800 800w\" alt=\"\" data-height=\"992\" data-id=\"16895\" data-link=\"http:\/\/www.evildressmaker.com\/?attachment_id=16895\" data-url=\"http:\/\/www.evildressmaker.com\/wp-content\/uploads\/2022\/11\/kuurain1.jpg\" data-width=\"800\" src=\"https:\/\/i1.wp.com\/www.evildressmaker.com\/wp-content\/uploads\/2022\/11\/kuurain1.jpg\" data-amp-layout=\"responsive\" tabindex=\"0\" role=\"button\" aria-label=\"Open image 1 of 2 in full-screen\"\/><\/figure><\/div><div class=\"tiled-gallery__col\" style=\"flex-basis:50.20197%\"><figure class=\"tiled-gallery__item\"><img decoding=\"async\" srcset=\"https:\/\/i1.wp.com\/www.evildressmaker.com\/wp-content\/uploads\/2022\/11\/kuurain2.jpg?strip=info&#038;w=600 600w,https:\/\/i1.wp.com\/www.evildressmaker.com\/wp-content\/uploads\/2022\/11\/kuurain2.jpg?strip=info&#038;w=800 800w\" alt=\"\" data-height=\"984\" data-id=\"16896\" data-link=\"http:\/\/www.evildressmaker.com\/?attachment_id=16896\" data-url=\"http:\/\/www.evildressmaker.com\/wp-content\/uploads\/2022\/11\/kuurain2.jpg\" data-width=\"800\" src=\"https:\/\/i1.wp.com\/www.evildressmaker.com\/wp-content\/uploads\/2022\/11\/kuurain2.jpg\" data-amp-layout=\"responsive\" tabindex=\"0\" role=\"button\" aria-label=\"Open image 2 of 2 in full-screen\"\/><\/figure><\/div><\/div><\/div><\/div><\/div>\n\n\n\n<p><\/p>\n\n\n\n<p><strong>Irtotasku 1, sinis\u00e4vyinen, 30\u20ac<\/strong><br>+ toimituskulut 5 \u20ac<\/p>\n\n\n\n<p>Nauhoilla vy\u00f6t\u00e4r\u00f6lle solmittava irtotasku. Irtotaskuja k\u00e4yttiv\u00e4t 1700-luvulla naiset hameiden alla tavaroiden kuljettamiseen.  Hameiden sivuissa oli aukot jotka mahdollistivat taskujen k\u00e4yt\u00f6n helmaa nostamatta. T\u00e4m\u00e4n modernin version voi pukea vaatteiden p\u00e4\u00e4lle k\u00e4yt\u00e4nn\u00f6lliseksi katseenvangitsijaksi. Puuvillaa ja pellavaa, satiinikanttaukset polyesteri\u00e4. Kankaat ovat kierr\u00e4tettyj\u00e4 ja kanttaukset muiden k\u00e4sit\u00f6iden ylij\u00e4\u00e4m\u00e4\u00e4. Uniikki yksitt\u00e4iskappale!<\/p>\n\n\n\n<figure class=\"wp-block-image size-large\"><img data-recalc-dims=\"1\" loading=\"lazy\" decoding=\"async\" width=\"768\" height=\"1024\" src=\"https:\/\/i0.wp.com\/www.evildressmaker.com\/wp-content\/uploads\/2022\/11\/tasku1.jpg?resize=768%2C1024\" alt=\"\" class=\"wp-image-16897\" srcset=\"https:\/\/i0.wp.com\/www.evildressmaker.com\/wp-content\/uploads\/2022\/11\/tasku1.jpg?resize=768%2C1024 768w, https:\/\/i0.wp.com\/www.evildressmaker.com\/wp-content\/uploads\/2022\/11\/tasku1.jpg?resize=225%2C300 225w, https:\/\/i0.wp.com\/www.evildressmaker.com\/wp-content\/uploads\/2022\/11\/tasku1.jpg?resize=150%2C200 150w, https:\/\/i0.wp.com\/www.evildressmaker.com\/wp-content\/uploads\/2022\/11\/tasku1.jpg?resize=630%2C840 630w, https:\/\/i0.wp.com\/www.evildressmaker.com\/wp-content\/uploads\/2022\/11\/tasku1.jpg?w=800 800w\" sizes=\"auto, (max-width: 768px) 100vw, 768px\" \/><\/figure>\n\n\n\n<p><\/p>\n\n\n\n<p><strong>Irtotasku 2, punas\u00e4vyinen, 30\u20ac<\/strong><br>+ toimituskulut 5 \u20ac<\/p>\n\n\n\n<p>Nauhoilla vy\u00f6t\u00e4r\u00f6lle solmittava irtotasku. Irtotaskuja k\u00e4yttiv\u00e4t 1700-luvulla naiset hameiden alla tavaroiden kuljettamiseen.  Hameiden sivuissa oli aukot jotka mahdollistivat taskujen k\u00e4yt\u00f6n helmaa nostamatta.  T\u00e4m\u00e4n modernin version voi pukea vaatteiden p\u00e4\u00e4lle k\u00e4yt\u00e4nn\u00f6lliseksi katseenvangitsijaksi. Puuvillaa ja pellavaa, satiinikanttaukset polyesteri\u00e4. Kankaat ja kanttaukset ovat muiden k\u00e4sit\u00f6iden ylij\u00e4\u00e4m\u00e4\u00e4. Uniikki yksitt\u00e4iskappale!<\/p>\n\n\n\n<figure class=\"wp-block-image size-large\"><img data-recalc-dims=\"1\" loading=\"lazy\" decoding=\"async\" width=\"765\" height=\"1024\" src=\"https:\/\/i0.wp.com\/www.evildressmaker.com\/wp-content\/uploads\/2022\/11\/tasku2.jpg?resize=765%2C1024\" alt=\"\" class=\"wp-image-16898\" srcset=\"https:\/\/i0.wp.com\/www.evildressmaker.com\/wp-content\/uploads\/2022\/11\/tasku2.jpg?resize=765%2C1024 765w, https:\/\/i0.wp.com\/www.evildressmaker.com\/wp-content\/uploads\/2022\/11\/tasku2.jpg?resize=224%2C300 224w, https:\/\/i0.wp.com\/www.evildressmaker.com\/wp-content\/uploads\/2022\/11\/tasku2.jpg?resize=149%2C200 149w, https:\/\/i0.wp.com\/www.evildressmaker.com\/wp-content\/uploads\/2022\/11\/tasku2.jpg?resize=768%2C1028 768w, https:\/\/i0.wp.com\/www.evildressmaker.com\/wp-content\/uploads\/2022\/11\/tasku2.jpg?w=800 800w\" sizes=\"auto, (max-width: 765px) 100vw, 765px\" \/><\/figure>\n\n\n\n<p><\/p>\n\n\n\n<p><strong>Irtotasku 3, tummanharmaa, 30\u20ac<\/strong><br>+ toimituskulut 5 \u20ac<\/p>\n\n\n\n<p>Nauhoilla vy\u00f6t\u00e4r\u00f6lle solmittava irtotasku. Irtotaskuja k\u00e4yttiv\u00e4t 1700-luvulla naiset hameiden alla tavaroiden kuljettamiseen.  Hameiden sivuissa oli aukot jotka mahdollistivat taskujen k\u00e4yt\u00f6n helmaa nostamatta.  T\u00e4m\u00e4n modernin version voi pukea vaatteiden p\u00e4\u00e4lle k\u00e4yt\u00e4nn\u00f6lliseksi katseenvangitsijaksi. Villaa ja puuvillaa, satiinikanttaukset polyesteri\u00e4. Kankaat ja kanttaukset ovat muiden k\u00e4sit\u00f6iden ylij\u00e4\u00e4m\u00e4\u00e4. Korkeus noin 34 cm, leveys noin 29 cm<\/p>\n\n\n\n<p>J\u00e4ljell\u00e4 1 kpl<\/p>\n\n\n\n<figure class=\"wp-block-image size-large\"><img data-recalc-dims=\"1\" loading=\"lazy\" decoding=\"async\" width=\"771\" height=\"1024\" src=\"https:\/\/i0.wp.com\/www.evildressmaker.com\/wp-content\/uploads\/2022\/11\/tasku3.jpg?resize=771%2C1024\" alt=\"\" class=\"wp-image-16899\" srcset=\"https:\/\/i0.wp.com\/www.evildressmaker.com\/wp-content\/uploads\/2022\/11\/tasku3.jpg?resize=771%2C1024 771w, https:\/\/i0.wp.com\/www.evildressmaker.com\/wp-content\/uploads\/2022\/11\/tasku3.jpg?resize=226%2C300 226w, https:\/\/i0.wp.com\/www.evildressmaker.com\/wp-content\/uploads\/2022\/11\/tasku3.jpg?resize=151%2C200 151w, https:\/\/i0.wp.com\/www.evildressmaker.com\/wp-content\/uploads\/2022\/11\/tasku3.jpg?resize=768%2C1020 768w, https:\/\/i0.wp.com\/www.evildressmaker.com\/wp-content\/uploads\/2022\/11\/tasku3.jpg?w=800 800w\" sizes=\"auto, (max-width: 771px) 100vw, 771px\" \/><\/figure>\n\n\n\n<p><\/p>\n\n\n<div class=\"wp-block-image\">\n<figure class=\"aligncenter size-full\"><img data-recalc-dims=\"1\" loading=\"lazy\" decoding=\"async\" width=\"214\" height=\"100\" src=\"https:\/\/i0.wp.com\/www.evildressmaker.com\/wp-content\/uploads\/2013\/11\/inenglish.gif?resize=214%2C100\" alt=\"\" class=\"wp-image-7004\"\/><\/figure><\/div>\n\n\n<p>Pinehill Lobby Shop is, for now, my virtual shop (via email), selling products made by me. In the future, when our renovation advances, it will also be actual little shop here in Pinehill, our home in Sastamala, Finland. At the moment orders are unfortunately not open internationally. When I manage to set up proper online shop, that situation might change. However, depending on the country where you are located, I might be able to arrange it. Feel free to contact via email in case you are interested <strong>rhia(at)evildressmaker.com  <\/strong>   <\/p>\n\n\n\n<p><\/p>\n","protected":false},"excerpt":{"rendered":"<p>Havum\u00e4en kuistiputiikki on toistaiseksi virtuaalinen kauppa, joka myy valmistamiani tuotteita. Tuotteita voi tilata l\u00e4hett\u00e4m\u00e4ll\u00e4 s\u00e4hk\u00f6postia osoitteeseen rhia(miukumauku)evildressmaker.comTulevaisuudessa, remontin edetess\u00e4 kuistiputiikki l\u00f6ytyy my\u00f6s Havum\u00e4en, eli kotimme kuistilta, Sastamalasta sek\u00e4 satunnaisista erikseen ilmoitettavista tapahtumista. T\u00e4ll\u00e4 hetkell\u00e4 valikoimissa olevat tuotteet l\u00f6yd\u00e4t t\u00e4st\u00e4 alta. Huomaa, ett\u00e4 jotkin tuotteet ovat uniikkeja yksitt\u00e4iskappaleita ja jotkin myyd\u00e4\u00e4n settein\u00e4. Tilauksen vastaanotettuani l\u00e4het\u00e4n sinulle&#8230; <\/p>\n<div class=\"link-more\"><a href=\"http:\/\/www.evildressmaker.com\/?page_id=16868\">Read More<\/a><\/div>\n","protected":false},"author":1,"featured_media":0,"parent":0,"menu_order":1,"comment_status":"closed","ping_status":"closed","template":"","meta":{"jetpack_post_was_ever_published":false,"footnotes":""},"class_list":["post-16868","page","type-page","status-publish","hentry"],"jetpack_shortlink":"https:\/\/wp.me\/P2H8as-4o4","jetpack_sharing_enabled":true,"jetpack_likes_enabled":true,"_links":{"self":[{"href":"http:\/\/www.evildressmaker.com\/index.php?rest_route=\/wp\/v2\/pages\/16868","targetHints":{"allow":["GET"]}}],"collection":[{"href":"http:\/\/www.evildressmaker.com\/index.php?rest_route=\/wp\/v2\/pages"}],"about":[{"href":"http:\/\/www.evildressmaker.com\/index.php?rest_route=\/wp\/v2\/types\/page"}],"author":[{"embeddable":true,"href":"http:\/\/www.evildressmaker.com\/index.php?rest_route=\/wp\/v2\/users\/1"}],"replies":[{"embeddable":true,"href":"http:\/\/www.evildressmaker.com\/index.php?rest_route=%2Fwp%2Fv2%2Fcomments&post=16868"}],"version-history":[{"count":14,"href":"http:\/\/www.evildressmaker.com\/index.php?rest_route=\/wp\/v2\/pages\/16868\/revisions"}],"predecessor-version":[{"id":18790,"href":"http:\/\/www.evildressmaker.com\/index.php?rest_route=\/wp\/v2\/pages\/16868\/revisions\/18790"}],"wp:attachment":[{"href":"http:\/\/www.evildressmaker.com\/index.php?rest_route=%2Fwp%2Fv2%2Fmedia&parent=16868"}],"curies":[{"name":"wp","href":"https:\/\/api.w.org\/{rel}","templated":true}]}}